{"id":345,"date":"2022-10-04T23:01:46","date_gmt":"2022-10-04T21:01:46","guid":{"rendered":"https:\/\/folwark.ovh\/?page_id=345"},"modified":"2026-04-19T16:47:08","modified_gmt":"2026-04-19T14:47:08","slug":"ogloszenia-parafialne","status":"publish","type":"page","link":"https:\/\/folwark.ovh\/index.php\/ogloszenia-parafialne\/","title":{"rendered":"og\u0142oszenia parafialne"},"content":{"rendered":"\n<p class=\"has-text-align-center has-larger-font-size\"><em>Parafii M.B. Szkaplerznej i \u015aw. Stanis\u0142awa Biskupa w Chrz\u0105szczycach<\/em><\/p>\n\n\n\n<p class=\"has-text-align-center\"><em>kliknij w wybrany Szkaplerz<\/em><\/p>\n\n\n\n<p><strong><a href=\"https:\/\/folwark.ovh\/wp-content\/uploads\/2026\/04\/szkaplerz-nr-6-2026-1.pdf\">Szkaplerz nr.6: 19.04.2026 &#8211; 10.05.2026<\/a><\/strong><\/p>\n\n\n\n<p><strong><a href=\"https:\/\/folwark.ovh\/wp-content\/uploads\/2026\/04\/szkaplerz-nr-5v1-2026.pdf\">Szkaplerz nr.5: 29.03.2026 &#8211; 19.04.2026<\/a><\/strong><\/p>\n\n\n\n<p><strong><a href=\"https:\/\/folwark.ovh\/wp-content\/uploads\/2026\/03\/szkaplerz-nr-4-2026-3.pdf\">Szkaplerz nr.4: 08.03.2026 &#8211; 29.03.2026<\/a><\/strong><\/p>\n\n\n\n<p><strong><a href=\"https:\/\/folwark.ovh\/wp-content\/uploads\/2026\/02\/szkaplerz-nr-3-2026-1.pdf\">Szkaplerz nr.3: 15.02.2026 &#8211; 08.03.2026<\/a><\/strong><\/p>\n\n\n\n<p><strong><a href=\"https:\/\/folwark.ovh\/wp-content\/uploads\/2026\/01\/szkaplerz-nr-2-2026-1.pdf\">Szkaplerz nr.2: 25.01.2026 &#8211; 15.02.2026<\/a><\/strong><\/p>\n\n\n\n<p><strong><a href=\"https:\/\/folwark.ovh\/wp-content\/uploads\/2026\/01\/szkaplerz-nr-1-2026-1.pdf\">Szkaplerz nr.1: 04.01.2026 &#8211; 25.01.2026<\/a><\/strong><\/p>\n\n\n\n<p><strong><a href=\"https:\/\/folwark.ovh\/wp-content\/uploads\/2025\/12\/szkaplerz-nr-18-2025-1.pdf\">Szkaplerz nr.18: 21.12.2025 &#8211; 04.01.2026<\/a><\/strong><\/p>\n\n\n\n<p><strong><a href=\"https:\/\/folwark.ovh\/wp-content\/uploads\/2025\/12\/szkaplerz-nr-17-2025-1.pdf\">Szkaplerz nr.17: 30.11.2025 &#8211; 21.12.2025<\/a><\/strong><\/p>\n\n\n\n<p><strong><a href=\"https:\/\/folwark.ovh\/wp-content\/uploads\/2025\/11\/szkaplerz-nr-16-2025-1.pdf\">Szkaplerz nr.16: 9.11.2025 &#8211; 30.11.2025<\/a><\/strong><\/p>\n\n\n\n<p><strong><a href=\"https:\/\/folwark.ovh\/wp-content\/uploads\/2025\/10\/szkaplerz-nr-15-2025-1.pdf\">Szkaplerz nr.15: 19.10.2025 &#8211; 09.11.2025<\/a><\/strong><\/p>\n\n\n\n<p><strong><a href=\"https:\/\/folwark.ovh\/wp-content\/uploads\/2025\/10\/szkaplerz-nr-14-2025-1.pdf\">Szkaplerz nr.14: 28.09.2025 &#8211; 19.10.2025<\/a><\/strong><\/p>\n\n\n\n<p><strong><a href=\"https:\/\/folwark.ovh\/wp-content\/uploads\/2025\/09\/szkaplerz-nr-13-2025-1.pdf\">Szkaplerz nr.13: 07.09.2025 &#8211; 28.09.2025<\/a><\/strong><\/p>\n\n\n\n<p><strong><a href=\"https:\/\/folwark.ovh\/wp-content\/uploads\/2025\/05\/szkaplerz-nr-8-2025-1.pdf\">Szkaplerz nr.8: 25.05.2025 &#8211; 15.06.2025<\/a><\/strong><\/p>\n\n\n\n<p><strong><a href=\"https:\/\/folwark.ovh\/wp-content\/uploads\/2025\/05\/szkaplerz-nr-7-2025-1.pdf\">Szkaplerz nr.7: 04.05.2025 &#8211; 25.05.2025<\/a><\/strong><\/p>\n\n\n\n<p><a href=\"https:\/\/folwark.ovh\/wp-content\/uploads\/2025\/04\/Korekta-do-Szkaplerza-nr-6.pdf\"><strong>korekta Szkaplerza nr.6<\/strong><\/a><\/p>\n\n\n\n<p><strong><a href=\"https:\/\/folwark.ovh\/wp-content\/uploads\/2025\/04\/szkaplerz-nr-6-2025-1.pdf\">Szkaplerz nr.6: 13.04.2025 &#8211; 04.05.2025<\/a><\/strong><\/p>\n\n\n\n<p><strong><a href=\"https:\/\/folwark.ovh\/wp-content\/uploads\/2025\/04\/szkaplerz-nr-5-2025-.pdf\">Szkaplerz nr.5: 30.03.2025 &#8211; 13.04.2025<\/a><\/strong><\/p>\n\n\n\n<p><strong><a href=\"https:\/\/folwark.ovh\/wp-content\/uploads\/2025\/03\/szkaplerz-nr-4-2025-1.pdf\">Szkaplerz nr.4: 09.03.2025 &#8211; 30.03.2025<\/a><\/strong><\/p>\n\n\n\n<p><strong><a href=\"https:\/\/folwark.ovh\/wp-content\/uploads\/2025\/02\/szkaplerz-nr-3-2025-1.pdf\">Szkaplerz nr.3: 16.02.2025 &#8211; 09.03.2025<\/a><\/strong><\/p>\n\n\n\n<p><strong><a href=\"https:\/\/folwark.ovh\/wp-content\/uploads\/2025\/01\/szkaplerz-nr-2-2025-5.pdf\">Szkaplerz nr.2: 26.01.2025 &#8211; 16.02.2025<\/a><\/strong><\/p>\n\n\n\n<p><strong><a href=\"https:\/\/folwark.ovh\/wp-content\/uploads\/2025\/01\/szkaplerz-nr-1-2025.pdf\">Szkaplerz nr.1: 05.01.2025 &#8211; 26.01.2025<\/a><\/strong><\/p>\n\n\n\n<p><strong><a href=\"https:\/\/folwark.ovh\/wp-content\/uploads\/2024\/12\/szkaplerz-nr-18-2024-1.pdf\">Szkaplerz nr.18: 22.12.2024 &#8211; 05.01.2025<\/a><\/strong><\/p>\n\n\n\n<p><strong><a href=\"https:\/\/folwark.ovh\/wp-content\/uploads\/2024\/12\/szkaplerz-nr-17-2024.pdf\">Szkaplerz nr.17: 08.12.2024 &#8211; 22.12.2024<\/a><\/strong><\/p>\n\n\n\n<p><strong><a href=\"https:\/\/folwark.ovh\/wp-content\/uploads\/2024\/11\/szkaplerz-nr-16-2024.pdf\">Szkaplerz nr.16: 17.11.2024 &#8211; 08.12.2024<\/a><\/strong><\/p>\n\n\n\n<p><strong><a href=\"https:\/\/folwark.ovh\/wp-content\/uploads\/2024\/11\/szkaplerz-nr-15_1-2024.pdf\">Szkaplerz nr.15: 27.10.2024 &#8211; 17.11.2024<\/a><\/strong><\/p>\n\n\n\n<p><strong><a href=\"https:\/\/folwark.ovh\/wp-content\/uploads\/2024\/10\/szkaplerz-nr-14-2024.pdf\">Szkaplerz nr.14: 06.10.2024 &#8211; 27.10.2024<\/a><\/strong><\/p>\n\n\n\n<p><strong><a href=\"https:\/\/folwark.ovh\/wp-content\/uploads\/2024\/09\/szkaplerz_nr-13-2024.pdf\">Szkaplerz nr.13: 15.09.2024 &#8211; 06.10.2024<\/a><\/strong><\/p>\n\n\n\n<p><strong><a href=\"https:\/\/folwark.ovh\/wp-content\/uploads\/2024\/09\/szkaplerz-nr-12-2024.pdf\">Szkaplerz nr.12: 25.08.2024 &#8211; 15.09.2024<\/a><\/strong><\/p>\n\n\n\n<p><strong><a href=\"https:\/\/folwark.ovh\/wp-content\/uploads\/2024\/08\/szkaplerz-11-2024.pdf\">Szkaplerz nr.11: 04.08.2024 &#8211; 25.08.2024<\/a><\/strong><\/p>\n\n\n\n<p><strong><a href=\"https:\/\/folwark.ovh\/wp-content\/uploads\/2024\/06\/szkaplerz-nr-9-2024-1.pdf\">Szkaplerz nr.9: 23.06.2024 &#8211; 14.07.2024<\/a><\/strong><\/p>\n\n\n\n<p><strong><a href=\"https:\/\/folwark.ovh\/wp-content\/uploads\/2024\/06\/szkaplerz-nr-8-2024-1.pdf\">Szkaplerz nr.8: 02.06.2024 &#8211; 23.06.2024<\/a><\/strong><\/p>\n\n\n\n<p><strong><a href=\"https:\/\/folwark.ovh\/wp-content\/uploads\/2024\/05\/szkaplerz-nr-7-2024-1.pdf\">Szkaplerz nr.7: 12.05.2024 &#8211; 02.06.2024<\/a><\/strong><\/p>\n\n\n\n<p><strong><a href=\"https:\/\/folwark.ovh\/wp-content\/uploads\/2024\/04\/szkaplerz-nr-6-2024-1.pdf\">Szkaplerz nr.6: 21.04.2024 &#8211; 12.05.2024<\/a><\/strong><\/p>\n\n\n\n<p><strong><a href=\"https:\/\/folwark.ovh\/wp-content\/uploads\/2024\/04\/szkaplerz-nr-5-2024-5.pdf\">Szkaplerz nr.5: 31.03.2024 &#8211; 21.04.2024<\/a><\/strong><\/p>\n\n\n\n<p><strong><a href=\"https:\/\/folwark.ovh\/wp-content\/uploads\/2024\/03\/szkaplerz-nr-4-2024.pdf\">Szkaplerz nr.4: 17.03.2024 &#8211; 31.03.2024<\/a><\/strong><\/p>\n\n\n\n<p><strong><a href=\"https:\/\/folwark.ovh\/wp-content\/uploads\/2024\/03\/szkaplerz-nr-3-2024-4.pdf\">Szkaplerz nr.3: 25.02.2024 &#8211; 17.03.2024<\/a><\/strong><\/p>\n\n\n\n<p><strong><a href=\"https:\/\/folwark.ovh\/wp-content\/uploads\/2024\/02\/szkaplerz-nr-2-2024.pdf\">Szkaplerz nr.2: 04.02.2024 &#8211; 25.02.2024<\/a><\/strong><\/p>\n\n\n\n<p><strong><a href=\"https:\/\/folwark.ovh\/wp-content\/uploads\/2024\/01\/szkaplerz-nr-1-2024.pdf\">Szkaplerz nr.1: 14.01.2024 &#8211; 04.02.2024<\/a><\/strong><\/p>\n\n\n\n<p><strong><a href=\"https:\/\/folwark.ovh\/wp-content\/uploads\/2023\/12\/szkaplerz-nr-18-2023.pdf\">Szkaplerz nr.18: 24.12.2023 &#8211; 14.01.2024<\/a><\/strong><\/p>\n\n\n\n<p><strong><a href=\"https:\/\/folwark.ovh\/wp-content\/uploads\/2023\/12\/szkaplerz-nr-17-2023.pdf\">Szkaplerz nr.17: 10.12.2023 &#8211; 24.12.2023<\/a><\/strong><\/p>\n\n\n\n<p><strong><a href=\"https:\/\/folwark.ovh\/wp-content\/uploads\/2023\/12\/szkaplerz-nr-16-2023.pdf\">Szkaplerz nr.16: 26.11.2023 &#8211; 10.12.2023<\/a><\/strong><\/p>\n\n\n\n<p><a href=\"https:\/\/folwark.ovh\/wp-content\/uploads\/2023\/11\/szkaplerz-nr-15-2023.pdf\"><strong>Szkaplerz nr.15: 05.11.2023 &#8211; 26.11.2023<\/strong><\/a><\/p>\n\n\n\n<p><a href=\"https:\/\/folwark.ovh\/wp-content\/uploads\/2023\/10\/szkaplerz-nr-14-2023.pdf\">Szkaplerz nr.14: <strong>15.10.2023 &#8211; 05.11.2023<\/strong><\/a><\/p>\n\n\n\n<p><a href=\"https:\/\/folwark.ovh\/wp-content\/uploads\/2023\/09\/szkaplerz-nr-13-2023.pdf\">Szkaplerz nr.13: <strong>24.09.2023 &#8211; 15.10.2023<\/strong><\/a><\/p>\n\n\n\n<p><a href=\"https:\/\/folwark.ovh\/wp-content\/uploads\/2023\/09\/szkaplerz-nr-12-2023.pdf\">Szkaplerz nr. 12: <strong>03.09.2023 \u2013 24.09.2023<\/strong><\/a><\/p>\n\n\n\n<p><a href=\"https:\/\/folwark.ovh\/wp-content\/uploads\/2023\/07\/szkaplerz-nr-10-2023.pdf\">Szkaplerz nr. 10: <strong>23.07.2023 \u2013 13.08.2023<\/strong><\/a><\/p>\n\n\n\n<p><a href=\"https:\/\/folwark.ovh\/wp-content\/uploads\/2023\/07\/szkaplerz-nr-9-2023.pdf\">Szkaplerz nr. 9: <strong>02.07.2023 \u2013 23.07.2023<\/strong><\/a><\/p>\n\n\n\n<p><a href=\"https:\/\/folwark.ovh\/wp-content\/uploads\/2023\/06\/szkaplerz-nr-8-2023-.pdf\">Szkaplerz nr. 8: <strong>4.06.2023 \u2013 25.06.2023<\/strong><\/a><\/p>\n\n\n\n<p><a href=\"https:\/\/folwark.ovh\/wp-content\/uploads\/2023\/05\/szkaplerz-nr-7-2023.pdf\">Szkaplerz nr. 7: <strong>14.05.2023 \u2013 04.06.2023<\/strong><\/a><\/p>\n\n\n\n<p><a href=\"https:\/\/folwark.ovh\/wp-content\/uploads\/2023\/04\/szkaplerz-nr-6-2023.pdf\">Szkaplerz nr. 6: <strong>23.04.2023 \u2013 14.05.2023<\/strong><\/a><\/p>\n\n\n\n<p><a href=\"https:\/\/folwark.ovh\/wp-content\/uploads\/2023\/04\/szkaplerz-nr-5-2023.pdf\">Szkaplerz nr. 5: <strong>02.04.2023 \u2013 23.04.2023<\/strong><\/a><\/p>\n\n\n\n<p><a href=\"https:\/\/folwark.ovh\/wp-content\/uploads\/2023\/03\/szkaplerz-nr-4-2023-.pdf\">Szkaplerz nr. 4: <strong>13.02.2023 \u2013 02.04.2023<\/strong><\/a><\/p>\n\n\n\n<p><a href=\"https:\/\/folwark.ovh\/wp-content\/uploads\/2023\/02\/szkaplerz-nr-3-2023.pdf\">Szkaplerz nr. 3: <strong>26.02.2023 \u2013 12.03.2023<\/strong><\/a><\/p>\n\n\n\n<p><a href=\"https:\/\/folwark.ovh\/wp-content\/uploads\/2023\/02\/szkaplerz-nr-2-2023-.pdf\">Szkaplerz nr. 2: <strong>05.02.2023 \u2013 26.02.2023<\/strong><\/a><\/p>\n\n\n\n<p><a href=\"https:\/\/folwark.ovh\/wp-content\/uploads\/2023\/01\/Szkaplerz-nr-1-2023.pdf\">Szkaplerz nr. 1:<strong> 15.01.2023 \u2013 05.02.2023<\/strong><\/a><\/p>\n\n\n\n<p><a href=\"https:\/\/folwark.ovh\/wp-content\/uploads\/2022\/12\/szkaplerz-nr-19-2022.pdf\">Szkaplerz nr. 19:<strong> 25.12.2022 \u2013 15.01.2023<\/strong><\/a><\/p>\n\n\n\n<p><a href=\"https:\/\/folwark.ovh\/wp-content\/uploads\/2022\/12\/szkaplerz-nr-18-2022.pdf\">Szkaplerz nr. 18:<strong> 11.12.2022 \u2013 26.12.2022<\/strong><\/a><\/p>\n\n\n\n<p><a href=\"https:\/\/folwark.ovh\/wp-content\/uploads\/2022\/11\/szkaplerz-nr-17-2022.pdf\">Szkaplerz nr. 17:<strong>&nbsp;27.11.2022 \u2013 18.12.2022<\/strong><\/a><\/p>\n\n\n\n<p><a href=\"https:\/\/folwark.ovh\/wp-content\/uploads\/2022\/10\/szkaplerz-nr-15-2022.pdf\">Szkaplerz nr. 15:<strong> 23.10.2022 &#8211; 13.11.2022<\/strong><\/a><\/p>\n\n\n\n<p><a href=\"https:\/\/folwark.ovh\/wp-content\/uploads\/2022\/10\/szkaplerz-nr-14-2022.pdf\">Szkaplerz nr. 14:<strong> 02.10.2022 &#8211; 23.10.2022<\/strong><\/a><\/p>\n","protected":false},"excerpt":{"rendered":"<p>Parafii M.B. Szkaplerznej i \u015aw. Stanis\u0142awa Biskupa w Chrz\u0105szczycach kliknij w wybrany Szkaplerz Szkaplerz nr.6: 19.04.2026 &#8211; 10.05.2026 Szkaplerz nr.5: 29.03.2026 &#8211; 19.04.2026 Szkaplerz nr.4: 08.03.2026 &#8211; 29.03.2026 Szkaplerz nr.3: 15.02.2026 &#8211; 08.03.2026 Szkaplerz nr.2: 25.01.2026 &#8211; 15.02.2026 Szkaplerz nr.1: 04.01.2026 &#8211; 25.01.2026 Szkaplerz nr.18: 21.12.2025 &#8211; 04.01.2026 Szkaplerz nr.17: 30.11.2025 &#8211; 21.12.2025 Szkaplerz nr.16: [&hellip;]<\/p>\n","protected":false},"author":1,"featured_media":0,"parent":0,"menu_order":0,"comment_status":"closed","ping_status":"closed","template":"","meta":{"footnotes":""},"class_list":["post-345","page","type-page","status-publish","hentry"],"_links":{"self":[{"href":"https:\/\/folwark.ovh\/index.php\/wp-json\/wp\/v2\/pages\/345","targetHints":{"allow":["GET"]}}],"collection":[{"href":"https:\/\/folwark.ovh\/index.php\/wp-json\/wp\/v2\/pages"}],"about":[{"href":"https:\/\/folwark.ovh\/index.php\/wp-json\/wp\/v2\/types\/page"}],"author":[{"embeddable":true,"href":"https:\/\/folwark.ovh\/index.php\/wp-json\/wp\/v2\/users\/1"}],"replies":[{"embeddable":true,"href":"https:\/\/folwark.ovh\/index.php\/wp-json\/wp\/v2\/comments?post=345"}],"version-history":[{"count":90,"href":"https:\/\/folwark.ovh\/index.php\/wp-json\/wp\/v2\/pages\/345\/revisions"}],"predecessor-version":[{"id":4196,"href":"https:\/\/folwark.ovh\/index.php\/wp-json\/wp\/v2\/pages\/345\/revisions\/4196"}],"wp:attachment":[{"href":"https:\/\/folwark.ovh\/index.php\/wp-json\/wp\/v2\/media?parent=345"}],"curies":[{"name":"wp","href":"https:\/\/api.w.org\/{rel}","templated":true}]}}